{"id":8,"date":"2026-02-08T08:05:28","date_gmt":"2026-02-08T08:05:28","guid":{"rendered":"https:\/\/ullanaitoherkku.fi\/?page_id=8"},"modified":"2026-02-15T14:27:40","modified_gmt":"2026-02-15T14:27:40","slug":"etusivu","status":"publish","type":"page","link":"https:\/\/ullanaitoherkku.fi\/","title":{"rendered":"Etusivu"},"content":{"rendered":"\n<div class=\"wp-block-cover alignfull\" style=\"min-height:800px;aspect-ratio:unset;\"><img loading=\"lazy\" decoding=\"async\" width=\"1600\" height=\"600\" class=\"wp-block-cover__image-background wp-image-55 size-full\" alt=\"\" src=\"https:\/\/ullanaitoherkku.fi\/wp-content\/uploads\/2026\/02\/Nimeton-malli-12.png\" data-object-fit=\"cover\" srcset=\"https:\/\/ullanaitoherkku.fi\/wp-content\/uploads\/2026\/02\/Nimeton-malli-12.png 1600w, https:\/\/ullanaitoherkku.fi\/wp-content\/uploads\/2026\/02\/Nimeton-malli-12-300x113.png 300w, https:\/\/ullanaitoherkku.fi\/wp-content\/uploads\/2026\/02\/Nimeton-malli-12-1024x384.png 1024w, https:\/\/ullanaitoherkku.fi\/wp-content\/uploads\/2026\/02\/Nimeton-malli-12-768x288.png 768w, https:\/\/ullanaitoherkku.fi\/wp-content\/uploads\/2026\/02\/Nimeton-malli-12-1536x576.png 1536w\" sizes=\"auto, (max-width: 1600px) 100vw, 1600px\" \/><span aria-hidden=\"true\" class=\"wp-block-cover__background has-background-dim-0 has-background-dim\"><\/span><div class=\"wp-block-cover__inner-container is-layout-flow wp-block-cover-is-layout-flow\">\n<div class=\"wp-block-columns are-vertically-aligned-center is-layout-flex wp-container-core-columns-is-layout-9d6595d7 wp-block-columns-is-layout-flex\">\n<div class=\"wp-block-column is-vertically-aligned-center is-layout-flow wp-block-column-is-layout-flow\" style=\"padding-right:var(--wp--preset--spacing--20);padding-left:var(--wp--preset--spacing--20);flex-basis:65%\">\n<div style=\"height:80px\" aria-hidden=\"true\" class=\"wp-block-spacer\"><\/div>\n\n\n\n<h1 class=\"wp-block-heading has-text-align-left has-nv-light-bg-color has-text-color\">Ullan<br>Aito ja Herkku<\/h1>\n\n\n\n<p class=\"has-text-align-left has-neve-link-hover-color-color has-text-color\" style=\"font-size:25px\"><strong>Tervetuloa Hassisten tilalle<\/strong><\/p>\n\n\n\n<div style=\"height:100px\" aria-hidden=\"true\" class=\"wp-block-spacer\"><\/div>\n<\/div>\n\n\n\n<div class=\"wp-block-column is-vertically-aligned-center is-layout-flow wp-block-column-is-layout-flow\"><\/div>\n<\/div>\n<\/div><\/div>\n\n\n\n<div style=\"height:40px\" aria-hidden=\"true\" class=\"wp-block-spacer\"><\/div>\n\n\n\n<div class=\"wp-block-cover alignfull is-light\" style=\"min-height:600px;aspect-ratio:unset;\"><span aria-hidden=\"true\" class=\"wp-block-cover__background has-neve-link-hover-color-background-color has-background-dim-20 has-background-dim\"><\/span><div class=\"wp-block-cover__inner-container is-layout-flow wp-block-cover-is-layout-flow\">\n<div class=\"wp-block-group\"><div class=\"wp-block-group__inner-container is-layout-flow wp-block-group-is-layout-flow\">\n<div class=\"wp-block-columns is-layout-flex wp-container-core-columns-is-layout-9d6595d7 wp-block-columns-is-layout-flex\">\n<div class=\"wp-block-column is-layout-flow wp-block-column-is-layout-flow\" style=\"padding-right:0;padding-left:0;flex-basis:20%\">\n<div class=\"wp-block-group is-vertical is-content-justification-center is-layout-flex wp-container-core-group-is-layout-4b2eccd6 wp-block-group-is-layout-flex\"><\/div>\n<\/div>\n\n\n\n<div class=\"wp-block-column is-layout-flow wp-block-column-is-layout-flow\"><\/div>\n\n\n\n<div class=\"wp-block-column is-layout-flow wp-block-column-is-layout-flow\" style=\"flex-basis:60%\">\n<div class=\"wp-block-group is-vertical is-content-justification-center is-layout-flex wp-container-core-group-is-layout-4b2eccd6 wp-block-group-is-layout-flex\">\n<div style=\"height:0px\" aria-hidden=\"true\" class=\"wp-block-spacer wp-container-content-6388d5dc\"><\/div>\n\n\n\n<h2 class=\"wp-block-heading has-text-align-center has-neve-link-color-color has-text-color has-link-color wp-elements-08c498eab1fad33abf369fd846e718bc\">Luomutila Kiteell\u00e4<\/h2>\n\n\n\n<p class=\"has-text-align-center has-neve-text-color-color has-text-color has-link-color wp-elements-d9749824cc6f56cfda3818cc9e9c3447\">Olemme pieni luomuviljatila Pohjois-Karjalassa Kiteell\u00e4, Ruppovaaran kyl\u00e4ss\u00e4.&nbsp;Tilallamme asustaa is\u00e4-Tapio, \u00e4iti-Ulla, tyt\u00e4r Aino ja poika Ville, sek\u00e4 kirjava lauma el\u00e4inyst\u00e4vi\u00e4.&nbsp;Haluamme osaltamme vaikuttaa luonnon moninaisuuteen ja siksi tila on ollut luomussa jo yli kaksikymment\u00e4 vuotta. Tilamme tuottaa laadukkaita luomuherneit\u00e4, joista tehtyj\u00e4 tuotteita myymme sek\u00e4 paikanp\u00e4ll\u00e4 ett\u00e4 verkkokaupassa. Lis\u00e4ksi Tilallamme toimii oma&nbsp;leipomo sek\u00e4&nbsp;puristamo, jonne voi ajan varaamalla tuoda omat hedelm\u00e4t ja marjat mehustettavaksi.<\/p>\n\n\n\n<div style=\"height:0px\" aria-hidden=\"true\" class=\"wp-block-spacer wp-container-content-541a6b20\"><\/div>\n<\/div>\n<\/div>\n\n\n\n<div class=\"wp-block-column is-layout-flow wp-block-column-is-layout-flow\" style=\"flex-basis:20%\">\n<div class=\"wp-block-group is-vertical is-content-justification-center is-layout-flex wp-container-core-group-is-layout-4b2eccd6 wp-block-group-is-layout-flex\"><\/div>\n<\/div>\n<\/div>\n\n\n\n<div class=\"wp-block-columns are-vertically-aligned-center is-layout-flex wp-container-core-columns-is-layout-9d6595d7 wp-block-columns-is-layout-flex\">\n<div class=\"wp-block-column is-vertically-aligned-center is-layout-flow wp-block-column-is-layout-flow\" style=\"padding-right:var(--wp--preset--spacing--30);padding-left:var(--wp--preset--spacing--30);flex-basis:50%\">\n<figure class=\"wp-block-image size-full has-custom-border\"><img loading=\"lazy\" decoding=\"async\" width=\"600\" height=\"450\" src=\"https:\/\/ullanaitoherkku.fi\/wp-content\/uploads\/2026\/02\/lampaat.jpg\" alt=\"\" class=\"wp-image-36\" style=\"border-radius:16px\" srcset=\"https:\/\/ullanaitoherkku.fi\/wp-content\/uploads\/2026\/02\/lampaat.jpg 600w, https:\/\/ullanaitoherkku.fi\/wp-content\/uploads\/2026\/02\/lampaat-300x225.jpg 300w\" sizes=\"auto, (max-width: 600px) 100vw, 600px\" \/><\/figure>\n\n\n\n<div style=\"height:40px\" aria-hidden=\"true\" class=\"wp-block-spacer\"><\/div>\n<\/div>\n\n\n\n<div class=\"wp-block-column is-vertically-aligned-center is-layout-flow wp-block-column-is-layout-flow\" style=\"padding-right:var(--wp--preset--spacing--30);padding-left:var(--wp--preset--spacing--30);flex-basis:50%\">\n<figure class=\"wp-block-image size-full has-custom-border\"><img loading=\"lazy\" decoding=\"async\" width=\"600\" height=\"450\" src=\"https:\/\/ullanaitoherkku.fi\/wp-content\/uploads\/2026\/02\/tausta.jpg\" alt=\"\" class=\"wp-image-35\" style=\"border-radius:16px\" srcset=\"https:\/\/ullanaitoherkku.fi\/wp-content\/uploads\/2026\/02\/tausta.jpg 600w, https:\/\/ullanaitoherkku.fi\/wp-content\/uploads\/2026\/02\/tausta-300x225.jpg 300w\" sizes=\"auto, (max-width: 600px) 100vw, 600px\" \/><\/figure>\n\n\n\n<div style=\"height:40px\" aria-hidden=\"true\" class=\"wp-block-spacer\"><\/div>\n<\/div>\n<\/div>\n<\/div><\/div>\n<\/div><\/div>\n\n\n\n<div class=\"wp-block-cover alignfull\" style=\"min-height:600px;aspect-ratio:unset;\"><span aria-hidden=\"true\" class=\"wp-block-cover__background has-nv-text-dark-bg-background-color has-background-dim-100 has-background-dim\"><\/span><div class=\"wp-block-cover__inner-container is-layout-flow wp-block-cover-is-layout-flow\">\n<div class=\"wp-block-group\"><div class=\"wp-block-group__inner-container is-layout-flow wp-block-group-is-layout-flow\">\n<div class=\"wp-block-columns is-layout-flex wp-container-core-columns-is-layout-9d6595d7 wp-block-columns-is-layout-flex\">\n<div class=\"wp-block-column is-layout-flow wp-block-column-is-layout-flow\" style=\"flex-basis:20%\">\n<div class=\"wp-block-group is-vertical is-content-justification-center is-layout-flex wp-container-core-group-is-layout-4b2eccd6 wp-block-group-is-layout-flex\"><\/div>\n<\/div>\n\n\n\n<div class=\"wp-block-column is-layout-flow wp-block-column-is-layout-flow\" style=\"flex-basis:60%\">\n<div class=\"wp-block-group is-vertical is-content-justification-center is-layout-flex wp-container-core-group-is-layout-4b2eccd6 wp-block-group-is-layout-flex\">\n<div style=\"height:63px\" aria-hidden=\"true\" class=\"wp-block-spacer wp-container-content-7b68837a\"><\/div>\n\n\n\n<h2 class=\"wp-block-heading has-text-align-center has-neve-text-color-color has-text-color has-link-color wp-elements-e4e3216ca1bfcab240bf2a1c4f5c12b1\">Tuotteemme<\/h2>\n\n\n\n<p class=\"has-text-align-center has-neve-text-color-color has-text-color has-link-color wp-elements-bb6e029acbadd604621a4de9d3575e47\">Tilalla viljell\u00e4\u00e4n hernett\u00e4 ja viljaa. Voit ostaa erilaisia kuivattuja hernetuotteita, leivonnaisia omenamehua. Syksyisin voit teett\u00e4\u00e4 mehustamossamme hedelmist\u00e4 ja marjoista mehua<\/p>\n\n\n\n<div style=\"height:0px\" aria-hidden=\"true\" class=\"wp-block-spacer wp-container-content-f9bd05ee\"><\/div>\n<\/div>\n<\/div>\n\n\n\n<div class=\"wp-block-column is-layout-flow wp-block-column-is-layout-flow\" style=\"flex-basis:20%\">\n<div class=\"wp-block-group is-vertical is-content-justification-center is-layout-flex wp-container-core-group-is-layout-4b2eccd6 wp-block-group-is-layout-flex\"><\/div>\n<\/div>\n<\/div>\n\n\n\n<div class=\"wp-block-columns is-layout-flex wp-container-core-columns-is-layout-9d6595d7 wp-block-columns-is-layout-flex\">\n<div class=\"wp-block-column is-layout-flow wp-block-column-is-layout-flow\" style=\"padding-right:var(--wp--preset--spacing--30);padding-left:var(--wp--preset--spacing--30)\">\n<div class=\"wp-block-cover aligncenter\" style=\"border-top-left-radius:20px;border-top-right-radius:20px;border-bottom-left-radius:20px;border-bottom-right-radius:20px\"><img loading=\"lazy\" decoding=\"async\" width=\"600\" height=\"400\" class=\"wp-block-cover__image-background wp-image-49\" alt=\"\" src=\"https:\/\/ullanaitoherkku.fi\/wp-content\/uploads\/2026\/02\/herne.jpg\" data-object-fit=\"cover\" srcset=\"https:\/\/ullanaitoherkku.fi\/wp-content\/uploads\/2026\/02\/herne.jpg 600w, https:\/\/ullanaitoherkku.fi\/wp-content\/uploads\/2026\/02\/herne-300x200.jpg 300w\" sizes=\"auto, (max-width: 600px) 100vw, 600px\" \/><span aria-hidden=\"true\" class=\"wp-block-cover__background has-background-dim\"><\/span><div class=\"wp-block-cover__inner-container is-layout-flow wp-block-cover-is-layout-flow\">\n<p class=\"has-text-align-center has-large-font-size\">Herneet<\/p>\n\n\n\n<div class=\"wp-block-buttons is-content-justification-center is-layout-flex wp-container-core-buttons-is-layout-16018d1d wp-block-buttons-is-layout-flex\">\n<div class=\"wp-block-button\"><a class=\"wp-block-button__link has-neve-link-color-background-color has-background wp-element-button\" href=\"https:\/\/ullanaitoherkku.fi\/index.php\/tuotteet\/\">Lue lis\u00e4\u00e4<\/a><\/div>\n<\/div>\n<\/div><\/div>\n\n\n\n<div style=\"height:24px\" aria-hidden=\"true\" class=\"wp-block-spacer\"><\/div>\n\n\n\n<h3 class=\"wp-block-heading has-text-align-center has-neve-text-color-color has-text-color\"><\/h3>\n\n\n\n<p class=\"has-text-align-center has-neve-text-color-color has-text-color\"><\/p>\n\n\n\n<div style=\"height:40px\" aria-hidden=\"true\" class=\"wp-block-spacer\"><\/div>\n<\/div>\n\n\n\n<div class=\"wp-block-column is-layout-flow wp-block-column-is-layout-flow\" style=\"padding-right:var(--wp--preset--spacing--30);padding-left:var(--wp--preset--spacing--30)\">\n<div class=\"wp-block-cover aligncenter\" style=\"border-top-left-radius:20px;border-top-right-radius:20px;border-bottom-left-radius:20px;border-bottom-right-radius:20px\"><img loading=\"lazy\" decoding=\"async\" width=\"590\" height=\"443\" class=\"wp-block-cover__image-background wp-image-76\" alt=\"\" src=\"https:\/\/ullanaitoherkku.fi\/wp-content\/uploads\/2026\/02\/kone.jpg\" data-object-fit=\"cover\" srcset=\"https:\/\/ullanaitoherkku.fi\/wp-content\/uploads\/2026\/02\/kone.jpg 590w, https:\/\/ullanaitoherkku.fi\/wp-content\/uploads\/2026\/02\/kone-300x225.jpg 300w\" sizes=\"auto, (max-width: 590px) 100vw, 590px\" \/><span aria-hidden=\"true\" class=\"wp-block-cover__background has-background-dim\"><\/span><div class=\"wp-block-cover__inner-container is-layout-flow wp-block-cover-is-layout-flow\">\n<p class=\"has-text-align-center has-large-font-size\">Mehustus<\/p>\n\n\n\n<div class=\"wp-block-buttons is-content-justification-center is-layout-flex wp-container-core-buttons-is-layout-16018d1d wp-block-buttons-is-layout-flex\">\n<div class=\"wp-block-button\"><a class=\"wp-block-button__link has-neve-link-color-background-color has-background wp-element-button\" href=\"https:\/\/ullanaitoherkku.fi\/index.php\/mehustus\/\">Lue lis\u00e4\u00e4<\/a><\/div>\n<\/div>\n<\/div><\/div>\n\n\n\n<div style=\"height:24px\" aria-hidden=\"true\" class=\"wp-block-spacer\"><\/div>\n\n\n\n<h3 class=\"wp-block-heading has-text-align-center has-neve-text-color-color has-text-color\"><\/h3>\n\n\n\n<p class=\"has-text-align-center has-neve-text-color-color has-text-color\"><\/p>\n\n\n\n<div style=\"height:40px\" aria-hidden=\"true\" class=\"wp-block-spacer\"><\/div>\n<\/div>\n<\/div>\n\n\n\n<div style=\"height:40px\" aria-hidden=\"true\" class=\"wp-block-spacer\"><\/div>\n<\/div><\/div>\n<\/div><\/div>\n\n\n\n<div class=\"wp-block-columns has-nv-text-dark-bg-color has-neve-link-color-background-color has-text-color has-background has-link-color wp-elements-69cc042003d6737e99ec7f0bea16c33b is-layout-flex wp-container-core-columns-is-layout-54bf4747 wp-block-columns-is-layout-flex\" style=\"border-radius:24px;padding-top:var(--wp--preset--spacing--70);padding-right:var(--wp--preset--spacing--70);padding-bottom:var(--wp--preset--spacing--70);padding-left:var(--wp--preset--spacing--70)\">\n<div class=\"wp-block-column is-layout-flow wp-block-column-is-layout-flow\" style=\"flex-basis:100%\">\n<h2 class=\"wp-block-heading has-nv-text-dark-bg-color has-text-color has-link-color has-huge-font-size wp-elements-9c411cb44570bb0aed86128eaa4deb84\">Ota yhteytt\u00e4 ja kysy lis\u00e4\u00e4<\/h2>\n<\/div>\n\n\n\n<div class=\"wp-block-column is-layout-flow wp-block-column-is-layout-flow\" style=\"flex-basis:100%\">\n<p class=\"has-nv-text-dark-bg-color has-text-color has-link-color has-medium-font-size wp-elements-471d10334443913c22c19ade9594a23b\">040 246 0161\/ajanvaraus ja tiedustelut<\/p>\n\n\n\n<p class=\"has-nv-text-dark-bg-color has-text-color has-link-color has-medium-font-size wp-elements-fd51c01c877eb9e032af82a1add47f09\">info@ullanaitoherkku.fi<\/p>\n<\/div>\n<\/div>\n\n\n\n<p><\/p>\n","protected":false},"excerpt":{"rendered":"<p>Ota yhteytt\u00e4 ja kysy lis\u00e4\u00e4 040 246 0161\/ajanvaraus ja tiedustelut info@ullanaitoherkku.fi<\/p>\n","protected":false},"author":1,"featured_media":0,"parent":0,"menu_order":0,"comment_status":"closed","ping_status":"closed","template":"","meta":{"neve_meta_sidebar":"","neve_meta_container":"","neve_meta_enable_content_width":"on","neve_meta_content_width":100,"neve_meta_title_alignment":"","neve_meta_author_avatar":"","neve_post_elements_order":"","neve_meta_disable_header":"","neve_meta_disable_footer":"","neve_meta_disable_title":"on","footnotes":""},"class_list":["post-8","page","type-page","status-publish","hentry"],"yoast_head":"<!-- This site is optimized with the Yoast SEO plugin v27.4 - https:\/\/yoast.com\/product\/yoast-seo-wordpress\/ -->\n<title>Etusivu -<\/title>\n<meta name=\"robots\" content=\"index, follow, max-snippet:-1, max-image-preview:large, max-video-preview:-1\" \/>\n<link rel=\"canonical\" href=\"https:\/\/ullanaitoherkku.fi\/\" \/>\n<meta property=\"og:locale\" content=\"fi_FI\" \/>\n<meta property=\"og:type\" content=\"article\" \/>\n<meta property=\"og:title\" content=\"Etusivu -\" \/>\n<meta property=\"og:description\" content=\"Ota yhteytt\u00e4 ja kysy lis\u00e4\u00e4 040 246 0161\/ajanvaraus ja tiedustelut info@ullanaitoherkku.fi\" \/>\n<meta property=\"og:url\" content=\"https:\/\/ullanaitoherkku.fi\/\" \/>\n<meta property=\"article:publisher\" content=\"https:\/\/www.facebook.com\/AitoHerkku?locale=fi_FI\" \/>\n<meta property=\"article:modified_time\" content=\"2026-02-15T14:27:40+00:00\" \/>\n<meta property=\"og:image\" content=\"https:\/\/ullanaitoherkku.fi\/wp-content\/uploads\/2026\/02\/Nimeton-malli-12.png\" \/>\n\t<meta property=\"og:image:width\" content=\"1600\" \/>\n\t<meta property=\"og:image:height\" content=\"600\" \/>\n\t<meta property=\"og:image:type\" content=\"image\/png\" \/>\n<meta name=\"twitter:card\" content=\"summary_large_image\" \/>\n<meta name=\"twitter:label1\" content=\"Arvioitu lukuaika\" \/>\n\t<meta name=\"twitter:data1\" content=\"1 minuutti\" \/>\n<script type=\"application\/ld+json\" class=\"yoast-schema-graph\">{\"@context\":\"https:\\\/\\\/schema.org\",\"@graph\":[{\"@type\":\"WebPage\",\"@id\":\"https:\\\/\\\/ullanaitoherkku.fi\\\/\",\"url\":\"https:\\\/\\\/ullanaitoherkku.fi\\\/\",\"name\":\"Etusivu -\",\"isPartOf\":{\"@id\":\"https:\\\/\\\/ullanaitoherkku.fi\\\/#website\"},\"primaryImageOfPage\":{\"@id\":\"https:\\\/\\\/ullanaitoherkku.fi\\\/#primaryimage\"},\"image\":{\"@id\":\"https:\\\/\\\/ullanaitoherkku.fi\\\/#primaryimage\"},\"thumbnailUrl\":\"https:\\\/\\\/ullanaitoherkku.fi\\\/wp-content\\\/uploads\\\/2026\\\/02\\\/Nimeton-malli-12.png\",\"datePublished\":\"2026-02-08T08:05:28+00:00\",\"dateModified\":\"2026-02-15T14:27:40+00:00\",\"breadcrumb\":{\"@id\":\"https:\\\/\\\/ullanaitoherkku.fi\\\/#breadcrumb\"},\"inLanguage\":\"fi\",\"potentialAction\":[{\"@type\":\"ReadAction\",\"target\":[\"https:\\\/\\\/ullanaitoherkku.fi\\\/\"]}]},{\"@type\":\"ImageObject\",\"inLanguage\":\"fi\",\"@id\":\"https:\\\/\\\/ullanaitoherkku.fi\\\/#primaryimage\",\"url\":\"https:\\\/\\\/ullanaitoherkku.fi\\\/wp-content\\\/uploads\\\/2026\\\/02\\\/Nimeton-malli-12.png\",\"contentUrl\":\"https:\\\/\\\/ullanaitoherkku.fi\\\/wp-content\\\/uploads\\\/2026\\\/02\\\/Nimeton-malli-12.png\",\"width\":1600,\"height\":600},{\"@type\":\"BreadcrumbList\",\"@id\":\"https:\\\/\\\/ullanaitoherkku.fi\\\/#breadcrumb\",\"itemListElement\":[{\"@type\":\"ListItem\",\"position\":1,\"name\":\"Etusivu\",\"item\":\"https:\\\/\\\/ullanaitoherkku.fi\\\/\"},{\"@type\":\"ListItem\",\"position\":2,\"name\":\"Etusivu\"}]},{\"@type\":\"WebSite\",\"@id\":\"https:\\\/\\\/ullanaitoherkku.fi\\\/#website\",\"url\":\"https:\\\/\\\/ullanaitoherkku.fi\\\/\",\"name\":\"Ullan aito & herkku\",\"description\":\"Luomua, tottakai\",\"publisher\":{\"@id\":\"https:\\\/\\\/ullanaitoherkku.fi\\\/#organization\"},\"potentialAction\":[{\"@type\":\"SearchAction\",\"target\":{\"@type\":\"EntryPoint\",\"urlTemplate\":\"https:\\\/\\\/ullanaitoherkku.fi\\\/?s={search_term_string}\"},\"query-input\":{\"@type\":\"PropertyValueSpecification\",\"valueRequired\":true,\"valueName\":\"search_term_string\"}}],\"inLanguage\":\"fi\"},{\"@type\":\"Organization\",\"@id\":\"https:\\\/\\\/ullanaitoherkku.fi\\\/#organization\",\"name\":\"Hassisen luomutila\",\"url\":\"https:\\\/\\\/ullanaitoherkku.fi\\\/\",\"logo\":{\"@type\":\"ImageObject\",\"inLanguage\":\"fi\",\"@id\":\"https:\\\/\\\/ullanaitoherkku.fi\\\/#\\\/schema\\\/logo\\\/image\\\/\",\"url\":\"https:\\\/\\\/ullanaitoherkku.fi\\\/wp-content\\\/uploads\\\/2026\\\/02\\\/cropped-logo.jpg\",\"contentUrl\":\"https:\\\/\\\/ullanaitoherkku.fi\\\/wp-content\\\/uploads\\\/2026\\\/02\\\/cropped-logo.jpg\",\"width\":200,\"height\":174,\"caption\":\"Hassisen luomutila\"},\"image\":{\"@id\":\"https:\\\/\\\/ullanaitoherkku.fi\\\/#\\\/schema\\\/logo\\\/image\\\/\"},\"sameAs\":[\"https:\\\/\\\/www.facebook.com\\\/AitoHerkku?locale=fi_FI\"]}]}<\/script>\n<!-- \/ Yoast SEO plugin. -->","yoast_head_json":{"title":"Etusivu -","robots":{"index":"index","follow":"follow","max-snippet":"max-snippet:-1","max-image-preview":"max-image-preview:large","max-video-preview":"max-video-preview:-1"},"canonical":"https:\/\/ullanaitoherkku.fi\/","og_locale":"fi_FI","og_type":"article","og_title":"Etusivu -","og_description":"Ota yhteytt\u00e4 ja kysy lis\u00e4\u00e4 040 246 0161\/ajanvaraus ja tiedustelut info@ullanaitoherkku.fi","og_url":"https:\/\/ullanaitoherkku.fi\/","article_publisher":"https:\/\/www.facebook.com\/AitoHerkku?locale=fi_FI","article_modified_time":"2026-02-15T14:27:40+00:00","og_image":[{"width":1600,"height":600,"url":"https:\/\/ullanaitoherkku.fi\/wp-content\/uploads\/2026\/02\/Nimeton-malli-12.png","type":"image\/png"}],"twitter_card":"summary_large_image","twitter_misc":{"Arvioitu lukuaika":"1 minuutti"},"schema":{"@context":"https:\/\/schema.org","@graph":[{"@type":"WebPage","@id":"https:\/\/ullanaitoherkku.fi\/","url":"https:\/\/ullanaitoherkku.fi\/","name":"Etusivu -","isPartOf":{"@id":"https:\/\/ullanaitoherkku.fi\/#website"},"primaryImageOfPage":{"@id":"https:\/\/ullanaitoherkku.fi\/#primaryimage"},"image":{"@id":"https:\/\/ullanaitoherkku.fi\/#primaryimage"},"thumbnailUrl":"https:\/\/ullanaitoherkku.fi\/wp-content\/uploads\/2026\/02\/Nimeton-malli-12.png","datePublished":"2026-02-08T08:05:28+00:00","dateModified":"2026-02-15T14:27:40+00:00","breadcrumb":{"@id":"https:\/\/ullanaitoherkku.fi\/#breadcrumb"},"inLanguage":"fi","potentialAction":[{"@type":"ReadAction","target":["https:\/\/ullanaitoherkku.fi\/"]}]},{"@type":"ImageObject","inLanguage":"fi","@id":"https:\/\/ullanaitoherkku.fi\/#primaryimage","url":"https:\/\/ullanaitoherkku.fi\/wp-content\/uploads\/2026\/02\/Nimeton-malli-12.png","contentUrl":"https:\/\/ullanaitoherkku.fi\/wp-content\/uploads\/2026\/02\/Nimeton-malli-12.png","width":1600,"height":600},{"@type":"BreadcrumbList","@id":"https:\/\/ullanaitoherkku.fi\/#breadcrumb","itemListElement":[{"@type":"ListItem","position":1,"name":"Etusivu","item":"https:\/\/ullanaitoherkku.fi\/"},{"@type":"ListItem","position":2,"name":"Etusivu"}]},{"@type":"WebSite","@id":"https:\/\/ullanaitoherkku.fi\/#website","url":"https:\/\/ullanaitoherkku.fi\/","name":"Ullan aito & herkku","description":"Luomua, tottakai","publisher":{"@id":"https:\/\/ullanaitoherkku.fi\/#organization"},"potentialAction":[{"@type":"SearchAction","target":{"@type":"EntryPoint","urlTemplate":"https:\/\/ullanaitoherkku.fi\/?s={search_term_string}"},"query-input":{"@type":"PropertyValueSpecification","valueRequired":true,"valueName":"search_term_string"}}],"inLanguage":"fi"},{"@type":"Organization","@id":"https:\/\/ullanaitoherkku.fi\/#organization","name":"Hassisen luomutila","url":"https:\/\/ullanaitoherkku.fi\/","logo":{"@type":"ImageObject","inLanguage":"fi","@id":"https:\/\/ullanaitoherkku.fi\/#\/schema\/logo\/image\/","url":"https:\/\/ullanaitoherkku.fi\/wp-content\/uploads\/2026\/02\/cropped-logo.jpg","contentUrl":"https:\/\/ullanaitoherkku.fi\/wp-content\/uploads\/2026\/02\/cropped-logo.jpg","width":200,"height":174,"caption":"Hassisen luomutila"},"image":{"@id":"https:\/\/ullanaitoherkku.fi\/#\/schema\/logo\/image\/"},"sameAs":["https:\/\/www.facebook.com\/AitoHerkku?locale=fi_FI"]}]}},"_links":{"self":[{"href":"https:\/\/ullanaitoherkku.fi\/index.php\/wp-json\/wp\/v2\/pages\/8","targetHints":{"allow":["GET"]}}],"collection":[{"href":"https:\/\/ullanaitoherkku.fi\/index.php\/wp-json\/wp\/v2\/pages"}],"about":[{"href":"https:\/\/ullanaitoherkku.fi\/index.php\/wp-json\/wp\/v2\/types\/page"}],"author":[{"embeddable":true,"href":"https:\/\/ullanaitoherkku.fi\/index.php\/wp-json\/wp\/v2\/users\/1"}],"replies":[{"embeddable":true,"href":"https:\/\/ullanaitoherkku.fi\/index.php\/wp-json\/wp\/v2\/comments?post=8"}],"version-history":[{"count":6,"href":"https:\/\/ullanaitoherkku.fi\/index.php\/wp-json\/wp\/v2\/pages\/8\/revisions"}],"predecessor-version":[{"id":110,"href":"https:\/\/ullanaitoherkku.fi\/index.php\/wp-json\/wp\/v2\/pages\/8\/revisions\/110"}],"wp:attachment":[{"href":"https:\/\/ullanaitoherkku.fi\/index.php\/wp-json\/wp\/v2\/media?parent=8"}],"curies":[{"name":"wp","href":"https:\/\/api.w.org\/{rel}","templated":true}]}}