{"id":61,"date":"2026-02-15T12:34:02","date_gmt":"2026-02-15T12:34:02","guid":{"rendered":"https:\/\/ullanaitoherkku.fi\/?page_id=61"},"modified":"2026-02-15T14:34:53","modified_gmt":"2026-02-15T14:34:53","slug":"mehustus","status":"publish","type":"page","link":"https:\/\/ullanaitoherkku.fi\/index.php\/mehustus\/","title":{"rendered":"Mehustus"},"content":{"rendered":"\n<div class=\"wp-block-cover alignfull\" style=\"min-height:450px;aspect-ratio:unset;\"><img loading=\"lazy\" decoding=\"async\" width=\"590\" height=\"443\" class=\"wp-block-cover__image-background wp-image-76 size-full\" alt=\"\" src=\"https:\/\/ullanaitoherkku.fi\/wp-content\/uploads\/2026\/02\/kone.jpg\" data-object-fit=\"cover\" srcset=\"https:\/\/ullanaitoherkku.fi\/wp-content\/uploads\/2026\/02\/kone.jpg 590w, https:\/\/ullanaitoherkku.fi\/wp-content\/uploads\/2026\/02\/kone-300x225.jpg 300w\" sizes=\"auto, (max-width: 590px) 100vw, 590px\" \/><span aria-hidden=\"true\" class=\"wp-block-cover__background has-neve-text-color-background-color has-background-dim\"><\/span><div class=\"wp-block-cover__inner-container is-layout-flow wp-block-cover-is-layout-flow\">\n<div class=\"wp-block-group\" style=\"padding-right:var(--wp--preset--spacing--30);padding-left:var(--wp--preset--spacing--30)\"><div class=\"wp-block-group__inner-container is-layout-flow wp-block-group-is-layout-flow\">\n<h1 class=\"wp-block-heading has-text-align-center has-text-align-left has-neve-link-hover-color-color has-text-color\">Tervetuloa Hassisten mehuasemalle!<\/h1>\n<\/div><\/div>\n<\/div><\/div>\n\n\n\n<div style=\"height:100px\" aria-hidden=\"true\" class=\"wp-block-spacer\"><\/div>\n\n\n\n<div class=\"wp-block-cover alignwide\" style=\"min-height:600px;aspect-ratio:unset;\"><span aria-hidden=\"true\" class=\"wp-block-cover__background has-nv-light-bg-background-color has-background-dim-100 has-background-dim\"><\/span><div class=\"wp-block-cover__inner-container is-layout-flow wp-block-cover-is-layout-flow\">\n<div class=\"wp-block-group\"><div class=\"wp-block-group__inner-container is-layout-flow wp-block-group-is-layout-flow\">\n<div class=\"wp-block-columns are-vertically-aligned-center has-neve-text-color-color has-text-color is-layout-flex wp-container-core-columns-is-layout-9d6595d7 wp-block-columns-is-layout-flex\">\n<div class=\"wp-block-column is-vertically-aligned-center is-layout-flow wp-block-column-is-layout-flow\" style=\"padding-right:var(--wp--preset--spacing--30);padding-left:var(--wp--preset--spacing--30);flex-basis:50%\">\n<figure class=\"wp-block-image size-full has-custom-border\"><img loading=\"lazy\" decoding=\"async\" width=\"450\" height=\"600\" src=\"https:\/\/ullanaitoherkku.fi\/wp-content\/uploads\/2026\/02\/lapset.jpg\" alt=\"\" class=\"wp-image-52\" style=\"border-radius:16px\" srcset=\"https:\/\/ullanaitoherkku.fi\/wp-content\/uploads\/2026\/02\/lapset.jpg 450w, https:\/\/ullanaitoherkku.fi\/wp-content\/uploads\/2026\/02\/lapset-225x300.jpg 225w\" sizes=\"auto, (max-width: 450px) 100vw, 450px\" \/><\/figure>\n<\/div>\n\n\n\n<div class=\"wp-block-column is-vertically-aligned-center is-layout-flow wp-block-column-is-layout-flow\" style=\"padding-top:0;padding-right:var(--wp--preset--spacing--30);padding-bottom:0;padding-left:var(--wp--preset--spacing--30);flex-basis:50%\">\n<h2 class=\"wp-block-heading has-neve-text-color-color has-text-color\">Hyv\u00e4\u00e4 hedelmist\u00e4 ja marjoista<\/h2>\n\n\n\n<p class=\"has-neve-text-color-color has-text-color\">Teemme kylm\u00e4puristettua ja past\u00f6roitua mehua oman puutarhasi kivett\u00f6mist\u00e4 hedelmist\u00e4, esim. omenasta ja p\u00e4\u00e4ryn\u00e4st\u00e4. Varaa tuontiaika ja noin kahden p\u00e4iv\u00e4n sis\u00e4ll\u00e4 saat valmiin mehun.<\/p>\n\n\n\n<p>Omenan tulee olla hyv\u00e4laatuinen ja kypsyydelt\u00e4\u00e4n napakka, kes\u00e4lajikkeet erityisesti ei saa olla liian kyps\u00e4 eli siementen tulee olla viel\u00e4 osittain vaaleita kun ne tuodaan mehustukseen. Ole siis ajoissa liikkeell\u00e4. Pintaviat tai madon vierailu ei haittaa, kaunis ei mehuomenan tarvitse olla. Omenia ei tarvitse my\u00f6sk\u00e4\u00e4n pest\u00e4, prosessissa omenat kaadetaan ensin vesialtaaseen, josta jatkavat matkaansa murskaimeen ja suoraan hihnapuristimeen. Mehualtaasta mehu pumpataan past\u00f6\u00f6riin ja suoraan kuumana vakuumipakkaukseen.<\/p>\n<\/div>\n<\/div>\n\n\n\n<div style=\"height:40px\" aria-hidden=\"true\" class=\"wp-block-spacer\"><\/div>\n<\/div><\/div>\n<\/div><\/div>\n\n\n\n<div style=\"height:50px\" aria-hidden=\"true\" class=\"wp-block-spacer\"><\/div>\n\n\n\n<div class=\"wp-block-cover alignwide\" style=\"min-height:600px;aspect-ratio:unset;\"><span aria-hidden=\"true\" class=\"wp-block-cover__background has-nv-light-bg-background-color has-background-dim-100 has-background-dim\"><\/span><div class=\"wp-block-cover__inner-container is-layout-flow wp-block-cover-is-layout-flow\">\n<div class=\"wp-block-group\"><div class=\"wp-block-group__inner-container is-layout-flow wp-block-group-is-layout-flow\">\n<div class=\"wp-block-columns are-vertically-aligned-center has-neve-text-color-color has-text-color is-layout-flex wp-container-core-columns-is-layout-9d6595d7 wp-block-columns-is-layout-flex\">\n<div class=\"wp-block-column is-vertically-aligned-center is-layout-flow wp-block-column-is-layout-flow\" style=\"padding-right:var(--wp--preset--spacing--30);padding-left:var(--wp--preset--spacing--30);flex-basis:50%\">\n<figure class=\"wp-block-image size-full has-custom-border\"><img loading=\"lazy\" decoding=\"async\" width=\"388\" height=\"600\" src=\"https:\/\/ullanaitoherkku.fi\/wp-content\/uploads\/2026\/02\/mehu.jpg\" alt=\"\" class=\"wp-image-43\" style=\"border-radius:16px\" srcset=\"https:\/\/ullanaitoherkku.fi\/wp-content\/uploads\/2026\/02\/mehu.jpg 388w, https:\/\/ullanaitoherkku.fi\/wp-content\/uploads\/2026\/02\/mehu-194x300.jpg 194w\" sizes=\"auto, (max-width: 388px) 100vw, 388px\" \/><\/figure>\n<\/div>\n\n\n\n<div class=\"wp-block-column is-vertically-aligned-center is-layout-flow wp-block-column-is-layout-flow\" style=\"padding-top:0;padding-right:var(--wp--preset--spacing--30);padding-bottom:0;padding-left:var(--wp--preset--spacing--30);flex-basis:50%\">\n<h2 class=\"wp-block-heading has-neve-text-color-color has-text-color\">Varaa aikasi ajoissa, syksyn ajat t\u00e4yttyv\u00e4t nopeasti!<\/h2>\n\n\n\n<p class=\"has-neve-text-color-color has-text-color\">Marjojen puristamista mehuksi teemme vain pakastamisen kautta, n\u00e4in marjoista irtoaa mehu tehokkaammin ja v\u00e4hemmill\u00e4 apuaineilla. Marjojen mehustamisessa k\u00e4yt\u00e4mme entsyymik\u00e4sittely\u00e4, jolloin mehusaanto ja&nbsp; v\u00e4ri on parempi. Kaikki t\u00e4m\u00e4 onnistuu luomuna. Mehu pakataan hanapakkauksiin, joka on ekologinen ja hygieeninen sek\u00e4 k\u00e4yt\u00e4nn\u00f6llinen tapa s\u00e4il\u00f6\u00e4 mehua. Hanapakkauksessa mehu s\u00e4ilyy n.12kk ja avattuna n. 4-6vk jopa huoneenl\u00e4mm\u00f6ss\u00e4. Laimennettu marjamehu on laitettava j\u00e4\u00e4kaappiin, jossa se s\u00e4ilyy n.4vrk.<\/p>\n\n\n\n<p><strong>Varaa aika soittamalla 040 2460161<\/strong><\/p>\n<\/div>\n<\/div>\n\n\n\n<div style=\"height:40px\" aria-hidden=\"true\" class=\"wp-block-spacer\"><\/div>\n<\/div><\/div>\n<\/div><\/div>\n\n\n\n<div style=\"height:50px\" aria-hidden=\"true\" class=\"wp-block-spacer\"><\/div>\n\n\n\n<h1 class=\"wp-block-heading has-text-align-center has-neve-link-color-color has-text-color has-link-color wp-elements-28691da66be72ee528070d3359e31673\">Hinnasto<\/h1>\n\n\n\n<div style=\"height:50px\" aria-hidden=\"true\" class=\"wp-block-spacer\"><\/div>\n\n\n\n<div class=\"wp-block-media-text alignwide is-stacked-on-mobile has-nv-light-bg-background-color has-background\" style=\"padding-top:var(--wp--preset--spacing--60);padding-right:var(--wp--preset--spacing--50);padding-bottom:var(--wp--preset--spacing--60);padding-left:var(--wp--preset--spacing--50);grid-template-columns:43% auto\"><figure class=\"wp-block-media-text__media\"><img loading=\"lazy\" decoding=\"async\" width=\"600\" height=\"400\" src=\"https:\/\/ullanaitoherkku.fi\/wp-content\/uploads\/2026\/02\/omenat.jpg\" alt=\"\" class=\"wp-image-48 size-full\" srcset=\"https:\/\/ullanaitoherkku.fi\/wp-content\/uploads\/2026\/02\/omenat.jpg 600w, https:\/\/ullanaitoherkku.fi\/wp-content\/uploads\/2026\/02\/omenat-300x200.jpg 300w\" sizes=\"auto, (max-width: 600px) 100vw, 600px\" \/><\/figure><div class=\"wp-block-media-text__content\">\n<div style=\"height:50px\" aria-hidden=\"true\" class=\"wp-block-spacer\"><\/div>\n\n\n\n<h2 class=\"wp-block-heading\">Hedelm\u00e4t<\/h2>\n\n\n\n<p><strong>OMENAT<\/strong>, past\u00f6roituna min. 30kg 1,50\u20ac \/ kg&nbsp;&nbsp;&nbsp;<br><strong>HANAPAKKAUS 3 ltr<\/strong> sis\u00e4pussi 1,30 \u20ac&nbsp;, kuoret&nbsp;vihre\u00e4: 1,60\u20ac&nbsp;, Ruskea: 1,30\u20ac<br><strong>HANAPAKKAUS 10 ltr <\/strong>pussi 1,60\u20ac Kuoret: 3,10\u20ac<br><strong>PouchUp&nbsp; 1,5 ltr<\/strong>&nbsp; 2,20\u20ac (itsen\u00e4isesti seisova valkoinen hanapss)<\/p>\n\n\n\n<div style=\"height:0px\" aria-hidden=\"true\" class=\"wp-block-spacer\"><\/div>\n\n\n\n<p>Varaa tuontiaika, valmis mehu parin p\u00e4iv\u00e4n p\u00e4\u00e4st\u00e4. Ilmoitamme viestill\u00e4\/soittamalla kun saa noutaa. 100kg omenaa, mehua n.66 ltr. Eli omenakilosta saa mehua n. 5-7dl. Muista aikaa varatessasi mainita jos olet pitk\u00e4st\u00e4 matkasta, neuvotellaan odottaessa -palvelusta.<\/p>\n\n\n\n<p>OMENA oltava v\u00e4h\u00e4n raaka eli siemenen tulee olla viel\u00e4 vaalea. N\u00e4in mehua irtoaa paremmin ja mehustusprosessi jouhevampaa. Past\u00f6rointi hieman py\u00f6rist\u00e4\u00e4 makua, jolloin hapan ei ole niin hapan. Kes\u00e4lajikkeet mehustamme erikseen mainittuna ajankohtana, seuraa Facebook-ilmoitteluamme ja Nettisivujamme.<\/p>\n\n\n\n<p><strong>Yritt\u00e4j\u00e4: kysy tarjous<\/strong>!<\/p>\n\n\n\n<p><\/p>\n<\/div><\/div>\n\n\n\n<div style=\"height:50px\" aria-hidden=\"true\" class=\"wp-block-spacer\"><\/div>\n\n\n\n<div class=\"wp-block-media-text alignwide is-stacked-on-mobile has-nv-light-bg-background-color has-background\" style=\"padding-top:var(--wp--preset--spacing--60);padding-right:var(--wp--preset--spacing--50);padding-bottom:var(--wp--preset--spacing--60);padding-left:var(--wp--preset--spacing--50);grid-template-columns:43% auto\"><figure class=\"wp-block-media-text__media\"><img loading=\"lazy\" decoding=\"async\" width=\"1024\" height=\"682\" src=\"https:\/\/ullanaitoherkku.fi\/wp-content\/uploads\/2026\/02\/hansbenn-currants-1586869_1280-1024x682.jpg\" alt=\"\" class=\"wp-image-93 size-full\" srcset=\"https:\/\/ullanaitoherkku.fi\/wp-content\/uploads\/2026\/02\/hansbenn-currants-1586869_1280-1024x682.jpg 1024w, https:\/\/ullanaitoherkku.fi\/wp-content\/uploads\/2026\/02\/hansbenn-currants-1586869_1280-300x200.jpg 300w, https:\/\/ullanaitoherkku.fi\/wp-content\/uploads\/2026\/02\/hansbenn-currants-1586869_1280-768x512.jpg 768w, https:\/\/ullanaitoherkku.fi\/wp-content\/uploads\/2026\/02\/hansbenn-currants-1586869_1280-930x620.jpg 930w, https:\/\/ullanaitoherkku.fi\/wp-content\/uploads\/2026\/02\/hansbenn-currants-1586869_1280.jpg 1280w\" sizes=\"auto, (max-width: 1024px) 100vw, 1024px\" \/><\/figure><div class=\"wp-block-media-text__content\">\n<div style=\"height:50px\" aria-hidden=\"true\" class=\"wp-block-spacer\"><\/div>\n\n\n\n<h2 class=\"wp-block-heading\">Marjat<\/h2>\n\n\n\n<p><strong>Mehustus:&nbsp;&nbsp;&nbsp;&nbsp;&nbsp; 2,10\u20ac \/ kg<\/strong><br><strong>Past\u00f6rointi:&nbsp;&nbsp; 0,80\u20ac \/ kg<\/strong><br><strong>Sokerointi asiakkaan omalla sokerilla 0,10\u20ac\/kg<\/strong><\/p>\n\n\n\n<p><strong>HANAPAKKAUS 3 ltr<\/strong> sis\u00e4pussi 1,30 \u20ac&nbsp;, kuoret&nbsp;vihre\u00e4: 1,60\u20ac&nbsp;, Ruskea: 1,30\u20ac<br><strong>HANAPAKKAUS 10 ltr <\/strong>pussi 1,60\u20ac Kuoret: 3,10\u20ac<br><strong>PouchUp&nbsp; 1,5 ltr<\/strong>&nbsp; 2,20\u20ac (itsen\u00e4isesti seisova valkoinen hanapss)<\/p>\n\n\n\n<p>Varaa tuontiaika, valmis mehu parin p\u00e4iv\u00e4n p\u00e4\u00e4st\u00e4. Ilmoitamme viestill\u00e4\/soittamalla kun saa noutaa. <\/p>\n\n\n\n<p>Marjojen k\u00e4sittely on kalliimpaa koska prosessi on pidempi ja ty\u00f6l\u00e4\u00e4mpi kuin omenalla. Marjat ensin murskataan\u2013entsym\u00f6id\u00e4\u00e4n tietyss\u00e4 l\u00e4mp\u00f6tilassa\u2013puristetaan mehu\u2013annetaan asettua v\u00e4litankissa\u2013past\u00f6roidaan ja pakataan. Marjoista mehusaanto 50-80%<\/p>\n\n\n\n<p>MARJAT P\u00c4\u00c4S\u00c4\u00c4NT\u00d6ISESTI PAKASTUKSEN KAUTTA, KIITOS<strong>.<\/strong> Syyskauden teemme vain omenaa, pienin poikkeuksin esim. aronia sopii omenan kanssa puristettavaksi.<\/p>\n\n\n\n<p>Sopimusten mukaan isot (100kg-) mansikkasadot, vadelma\u2026 voidaan tehd\u00e4 suoraan pellolta palveluna jos kalenterissa tilaa. Yritt\u00e4j\u00e4 soita ja kysy lis\u00e4\u00e4!<\/p>\n\n\n\n<p><strong>Yritt\u00e4j\u00e4: kysy tarjous!&nbsp;<\/strong>Ole ajoissa liikkeell\u00e4 niin pakkausvaihtoehtojakin voidaan pohtia ja tilata mit\u00e4 tarvitaan.<\/p>\n\n\n\n<p><em>Tervetuloa hankkimaan omasta sadosta ihana mehu. Kaikki kivett\u00f6m\u00e4t hedelm\u00e4t, marjat, vihannekset muuttuu helposti s\u00e4il\u00f6tt\u00e4v\u00e4ksi mehuksi.<\/em><br><\/p>\n\n\n\n<p><strong>Soita ja varaa aika 044 090 3303<\/strong><\/p>\n<\/div><\/div>\n","protected":false},"excerpt":{"rendered":"<p>Hinnasto<\/p>\n","protected":false},"author":1,"featured_media":0,"parent":0,"menu_order":0,"comment_status":"closed","ping_status":"closed","template":"","meta":{"neve_meta_sidebar":"","neve_meta_container":"","neve_meta_enable_content_width":"","neve_meta_content_width":0,"neve_meta_title_alignment":"","neve_meta_author_avatar":"","neve_post_elements_order":"","neve_meta_disable_header":"","neve_meta_disable_footer":"","neve_meta_disable_title":"on","footnotes":""},"class_list":["post-61","page","type-page","status-publish","hentry"],"yoast_head":"<!-- This site is optimized with the Yoast SEO plugin v27.4 - https:\/\/yoast.com\/product\/yoast-seo-wordpress\/ -->\n<title>Mehustus -<\/title>\n<meta name=\"robots\" content=\"index, follow, max-snippet:-1, max-image-preview:large, max-video-preview:-1\" \/>\n<link rel=\"canonical\" href=\"https:\/\/ullanaitoherkku.fi\/index.php\/mehustus\/\" \/>\n<meta property=\"og:locale\" content=\"fi_FI\" \/>\n<meta property=\"og:type\" content=\"article\" \/>\n<meta property=\"og:title\" content=\"Mehustus -\" \/>\n<meta property=\"og:description\" content=\"Hinnasto\" \/>\n<meta property=\"og:url\" content=\"https:\/\/ullanaitoherkku.fi\/index.php\/mehustus\/\" \/>\n<meta property=\"article:publisher\" content=\"https:\/\/www.facebook.com\/AitoHerkku?locale=fi_FI\" \/>\n<meta property=\"article:modified_time\" content=\"2026-02-15T14:34:53+00:00\" \/>\n<meta property=\"og:image\" content=\"https:\/\/ullanaitoherkku.fi\/wp-content\/uploads\/2026\/02\/kone.jpg\" \/>\n\t<meta property=\"og:image:width\" content=\"590\" \/>\n\t<meta property=\"og:image:height\" content=\"443\" \/>\n\t<meta property=\"og:image:type\" content=\"image\/jpeg\" \/>\n<meta name=\"twitter:card\" content=\"summary_large_image\" \/>\n<meta name=\"twitter:label1\" content=\"Arvioitu lukuaika\" \/>\n\t<meta name=\"twitter:data1\" content=\"2 minuuttia\" \/>\n<script type=\"application\/ld+json\" class=\"yoast-schema-graph\">{\"@context\":\"https:\\\/\\\/schema.org\",\"@graph\":[{\"@type\":\"WebPage\",\"@id\":\"https:\\\/\\\/ullanaitoherkku.fi\\\/index.php\\\/mehustus\\\/\",\"url\":\"https:\\\/\\\/ullanaitoherkku.fi\\\/index.php\\\/mehustus\\\/\",\"name\":\"Mehustus -\",\"isPartOf\":{\"@id\":\"https:\\\/\\\/ullanaitoherkku.fi\\\/#website\"},\"primaryImageOfPage\":{\"@id\":\"https:\\\/\\\/ullanaitoherkku.fi\\\/index.php\\\/mehustus\\\/#primaryimage\"},\"image\":{\"@id\":\"https:\\\/\\\/ullanaitoherkku.fi\\\/index.php\\\/mehustus\\\/#primaryimage\"},\"thumbnailUrl\":\"https:\\\/\\\/ullanaitoherkku.fi\\\/wp-content\\\/uploads\\\/2026\\\/02\\\/kone.jpg\",\"datePublished\":\"2026-02-15T12:34:02+00:00\",\"dateModified\":\"2026-02-15T14:34:53+00:00\",\"breadcrumb\":{\"@id\":\"https:\\\/\\\/ullanaitoherkku.fi\\\/index.php\\\/mehustus\\\/#breadcrumb\"},\"inLanguage\":\"fi\",\"potentialAction\":[{\"@type\":\"ReadAction\",\"target\":[\"https:\\\/\\\/ullanaitoherkku.fi\\\/index.php\\\/mehustus\\\/\"]}]},{\"@type\":\"ImageObject\",\"inLanguage\":\"fi\",\"@id\":\"https:\\\/\\\/ullanaitoherkku.fi\\\/index.php\\\/mehustus\\\/#primaryimage\",\"url\":\"https:\\\/\\\/ullanaitoherkku.fi\\\/wp-content\\\/uploads\\\/2026\\\/02\\\/kone.jpg\",\"contentUrl\":\"https:\\\/\\\/ullanaitoherkku.fi\\\/wp-content\\\/uploads\\\/2026\\\/02\\\/kone.jpg\",\"width\":590,\"height\":443,\"caption\":\"bty\"},{\"@type\":\"BreadcrumbList\",\"@id\":\"https:\\\/\\\/ullanaitoherkku.fi\\\/index.php\\\/mehustus\\\/#breadcrumb\",\"itemListElement\":[{\"@type\":\"ListItem\",\"position\":1,\"name\":\"Etusivu\",\"item\":\"https:\\\/\\\/ullanaitoherkku.fi\\\/\"},{\"@type\":\"ListItem\",\"position\":2,\"name\":\"Mehustus\"}]},{\"@type\":\"WebSite\",\"@id\":\"https:\\\/\\\/ullanaitoherkku.fi\\\/#website\",\"url\":\"https:\\\/\\\/ullanaitoherkku.fi\\\/\",\"name\":\"Ullan aito & herkku\",\"description\":\"Luomua, tottakai\",\"publisher\":{\"@id\":\"https:\\\/\\\/ullanaitoherkku.fi\\\/#organization\"},\"potentialAction\":[{\"@type\":\"SearchAction\",\"target\":{\"@type\":\"EntryPoint\",\"urlTemplate\":\"https:\\\/\\\/ullanaitoherkku.fi\\\/?s={search_term_string}\"},\"query-input\":{\"@type\":\"PropertyValueSpecification\",\"valueRequired\":true,\"valueName\":\"search_term_string\"}}],\"inLanguage\":\"fi\"},{\"@type\":\"Organization\",\"@id\":\"https:\\\/\\\/ullanaitoherkku.fi\\\/#organization\",\"name\":\"Hassisen luomutila\",\"url\":\"https:\\\/\\\/ullanaitoherkku.fi\\\/\",\"logo\":{\"@type\":\"ImageObject\",\"inLanguage\":\"fi\",\"@id\":\"https:\\\/\\\/ullanaitoherkku.fi\\\/#\\\/schema\\\/logo\\\/image\\\/\",\"url\":\"https:\\\/\\\/ullanaitoherkku.fi\\\/wp-content\\\/uploads\\\/2026\\\/02\\\/cropped-logo.jpg\",\"contentUrl\":\"https:\\\/\\\/ullanaitoherkku.fi\\\/wp-content\\\/uploads\\\/2026\\\/02\\\/cropped-logo.jpg\",\"width\":200,\"height\":174,\"caption\":\"Hassisen luomutila\"},\"image\":{\"@id\":\"https:\\\/\\\/ullanaitoherkku.fi\\\/#\\\/schema\\\/logo\\\/image\\\/\"},\"sameAs\":[\"https:\\\/\\\/www.facebook.com\\\/AitoHerkku?locale=fi_FI\"]}]}<\/script>\n<!-- \/ Yoast SEO plugin. -->","yoast_head_json":{"title":"Mehustus -","robots":{"index":"index","follow":"follow","max-snippet":"max-snippet:-1","max-image-preview":"max-image-preview:large","max-video-preview":"max-video-preview:-1"},"canonical":"https:\/\/ullanaitoherkku.fi\/index.php\/mehustus\/","og_locale":"fi_FI","og_type":"article","og_title":"Mehustus -","og_description":"Hinnasto","og_url":"https:\/\/ullanaitoherkku.fi\/index.php\/mehustus\/","article_publisher":"https:\/\/www.facebook.com\/AitoHerkku?locale=fi_FI","article_modified_time":"2026-02-15T14:34:53+00:00","og_image":[{"width":590,"height":443,"url":"https:\/\/ullanaitoherkku.fi\/wp-content\/uploads\/2026\/02\/kone.jpg","type":"image\/jpeg"}],"twitter_card":"summary_large_image","twitter_misc":{"Arvioitu lukuaika":"2 minuuttia"},"schema":{"@context":"https:\/\/schema.org","@graph":[{"@type":"WebPage","@id":"https:\/\/ullanaitoherkku.fi\/index.php\/mehustus\/","url":"https:\/\/ullanaitoherkku.fi\/index.php\/mehustus\/","name":"Mehustus -","isPartOf":{"@id":"https:\/\/ullanaitoherkku.fi\/#website"},"primaryImageOfPage":{"@id":"https:\/\/ullanaitoherkku.fi\/index.php\/mehustus\/#primaryimage"},"image":{"@id":"https:\/\/ullanaitoherkku.fi\/index.php\/mehustus\/#primaryimage"},"thumbnailUrl":"https:\/\/ullanaitoherkku.fi\/wp-content\/uploads\/2026\/02\/kone.jpg","datePublished":"2026-02-15T12:34:02+00:00","dateModified":"2026-02-15T14:34:53+00:00","breadcrumb":{"@id":"https:\/\/ullanaitoherkku.fi\/index.php\/mehustus\/#breadcrumb"},"inLanguage":"fi","potentialAction":[{"@type":"ReadAction","target":["https:\/\/ullanaitoherkku.fi\/index.php\/mehustus\/"]}]},{"@type":"ImageObject","inLanguage":"fi","@id":"https:\/\/ullanaitoherkku.fi\/index.php\/mehustus\/#primaryimage","url":"https:\/\/ullanaitoherkku.fi\/wp-content\/uploads\/2026\/02\/kone.jpg","contentUrl":"https:\/\/ullanaitoherkku.fi\/wp-content\/uploads\/2026\/02\/kone.jpg","width":590,"height":443,"caption":"bty"},{"@type":"BreadcrumbList","@id":"https:\/\/ullanaitoherkku.fi\/index.php\/mehustus\/#breadcrumb","itemListElement":[{"@type":"ListItem","position":1,"name":"Etusivu","item":"https:\/\/ullanaitoherkku.fi\/"},{"@type":"ListItem","position":2,"name":"Mehustus"}]},{"@type":"WebSite","@id":"https:\/\/ullanaitoherkku.fi\/#website","url":"https:\/\/ullanaitoherkku.fi\/","name":"Ullan aito & herkku","description":"Luomua, tottakai","publisher":{"@id":"https:\/\/ullanaitoherkku.fi\/#organization"},"potentialAction":[{"@type":"SearchAction","target":{"@type":"EntryPoint","urlTemplate":"https:\/\/ullanaitoherkku.fi\/?s={search_term_string}"},"query-input":{"@type":"PropertyValueSpecification","valueRequired":true,"valueName":"search_term_string"}}],"inLanguage":"fi"},{"@type":"Organization","@id":"https:\/\/ullanaitoherkku.fi\/#organization","name":"Hassisen luomutila","url":"https:\/\/ullanaitoherkku.fi\/","logo":{"@type":"ImageObject","inLanguage":"fi","@id":"https:\/\/ullanaitoherkku.fi\/#\/schema\/logo\/image\/","url":"https:\/\/ullanaitoherkku.fi\/wp-content\/uploads\/2026\/02\/cropped-logo.jpg","contentUrl":"https:\/\/ullanaitoherkku.fi\/wp-content\/uploads\/2026\/02\/cropped-logo.jpg","width":200,"height":174,"caption":"Hassisen luomutila"},"image":{"@id":"https:\/\/ullanaitoherkku.fi\/#\/schema\/logo\/image\/"},"sameAs":["https:\/\/www.facebook.com\/AitoHerkku?locale=fi_FI"]}]}},"_links":{"self":[{"href":"https:\/\/ullanaitoherkku.fi\/index.php\/wp-json\/wp\/v2\/pages\/61","targetHints":{"allow":["GET"]}}],"collection":[{"href":"https:\/\/ullanaitoherkku.fi\/index.php\/wp-json\/wp\/v2\/pages"}],"about":[{"href":"https:\/\/ullanaitoherkku.fi\/index.php\/wp-json\/wp\/v2\/types\/page"}],"author":[{"embeddable":true,"href":"https:\/\/ullanaitoherkku.fi\/index.php\/wp-json\/wp\/v2\/users\/1"}],"replies":[{"embeddable":true,"href":"https:\/\/ullanaitoherkku.fi\/index.php\/wp-json\/wp\/v2\/comments?post=61"}],"version-history":[{"count":10,"href":"https:\/\/ullanaitoherkku.fi\/index.php\/wp-json\/wp\/v2\/pages\/61\/revisions"}],"predecessor-version":[{"id":120,"href":"https:\/\/ullanaitoherkku.fi\/index.php\/wp-json\/wp\/v2\/pages\/61\/revisions\/120"}],"wp:attachment":[{"href":"https:\/\/ullanaitoherkku.fi\/index.php\/wp-json\/wp\/v2\/media?parent=61"}],"curies":[{"name":"wp","href":"https:\/\/api.w.org\/{rel}","templated":true}]}}