{"id":10,"date":"2026-02-08T08:05:28","date_gmt":"2026-02-08T08:05:28","guid":{"rendered":"https:\/\/ullanaitoherkku.fi\/?page_id=10"},"modified":"2026-02-15T14:38:20","modified_gmt":"2026-02-15T14:38:20","slug":"contact","status":"publish","type":"page","link":"https:\/\/ullanaitoherkku.fi\/index.php\/contact\/","title":{"rendered":"Ota yhteytt\u00e4"},"content":{"rendered":"\n<div class=\"wp-block-cover alignfull\" style=\"padding-right:0;padding-left:0;min-height:450px;aspect-ratio:unset;\"><img loading=\"lazy\" decoding=\"async\" width=\"1024\" height=\"682\" class=\"wp-block-cover__image-background wp-image-67 size-large\" alt=\"\" src=\"https:\/\/ullanaitoherkku.fi\/wp-content\/uploads\/2026\/02\/422737-picture-841484_1280-1024x682.jpg\" data-object-fit=\"cover\" srcset=\"https:\/\/ullanaitoherkku.fi\/wp-content\/uploads\/2026\/02\/422737-picture-841484_1280-1024x682.jpg 1024w, https:\/\/ullanaitoherkku.fi\/wp-content\/uploads\/2026\/02\/422737-picture-841484_1280-300x200.jpg 300w, https:\/\/ullanaitoherkku.fi\/wp-content\/uploads\/2026\/02\/422737-picture-841484_1280-768x512.jpg 768w, https:\/\/ullanaitoherkku.fi\/wp-content\/uploads\/2026\/02\/422737-picture-841484_1280-930x620.jpg 930w, https:\/\/ullanaitoherkku.fi\/wp-content\/uploads\/2026\/02\/422737-picture-841484_1280.jpg 1280w\" sizes=\"auto, (max-width: 1024px) 100vw, 1024px\" \/><span aria-hidden=\"true\" class=\"wp-block-cover__background has-nv-site-bg-background-color has-background-dim\"><\/span><div class=\"wp-block-cover__inner-container is-layout-flow wp-block-cover-is-layout-flow\">\n<div class=\"wp-block-group\" style=\"padding-right:var(--wp--preset--spacing--30);padding-left:var(--wp--preset--spacing--30)\"><div class=\"wp-block-group__inner-container is-layout-flow wp-block-group-is-layout-flow\">\n<h1 class=\"wp-block-heading has-text-align-left has-neve-text-color-color has-text-color\">Ota yhteytt\u00e4<\/h1>\n<\/div><\/div>\n<\/div><\/div>\n\n\n\n<hr class=\"wp-block-separator has-text-color has-neve-link-color-color has-alpha-channel-opacity has-neve-link-color-background-color has-background is-style-dots\"\/>\n\n\n\n<div class=\"wp-block-cover alignfull\" style=\"min-height:420px;aspect-ratio:unset;\"><span aria-hidden=\"true\" class=\"wp-block-cover__background has-nv-light-bg-background-color has-background-dim-100 has-background-dim\"><\/span><div class=\"wp-block-cover__inner-container is-layout-flow wp-block-cover-is-layout-flow\">\n<div style=\"height:80px\" aria-hidden=\"true\" class=\"wp-block-spacer\"><\/div>\n\n\n\n<div class=\"wp-block-columns is-layout-flex wp-container-core-columns-is-layout-9d6595d7 wp-block-columns-is-layout-flex\">\n<div class=\"wp-block-column ticss-4ce656f1 is-layout-flow wp-block-column-is-layout-flow\" style=\"padding-right:var(--wp--preset--spacing--30);padding-left:var(--wp--preset--spacing--30)\">\n<div class=\"wp-block-group has-nv-site-bg-background-color has-background\" style=\"border-radius:24px\"><div class=\"wp-block-group__inner-container is-layout-flow wp-block-group-is-layout-flow\">\n<div style=\"height:24px\" aria-hidden=\"true\" class=\"wp-block-spacer\"><\/div>\n\n\n<div class=\"wp-block-image icon-style is-style-default\">\n<figure class=\"aligncenter size-full\"><img decoding=\"async\" src=\"https:\/\/ullanaitoherkku.fi\/wp-content\/themes\/neve\/assets\/img\/starter-content\/neve-marketing-icon-7.png\" alt=\"\"\/><\/figure>\n<\/div>\n\n\n<div style=\"height:24px\" aria-hidden=\"true\" class=\"wp-block-spacer\"><\/div>\n\n\n\n<h3 class=\"wp-block-heading has-text-align-center has-neve-text-color-color has-text-color\">Soita<\/h3>\n\n\n\n<p class=\"has-text-align-center has-neve-text-color-color has-text-color\" style=\"font-size:15px\">Ulla:<strong> 040 246 0161<\/strong><br>ajanvaraus ja tiedustelut<\/p>\n\n\n\n<div style=\"height:24px\" aria-hidden=\"true\" class=\"wp-block-spacer\"><\/div>\n<\/div><\/div>\n<\/div>\n\n\n\n<div class=\"wp-block-column ticss-f6fc7494 is-layout-flow wp-block-column-is-layout-flow\" style=\"padding-right:var(--wp--preset--spacing--30);padding-left:var(--wp--preset--spacing--30)\">\n<div class=\"wp-block-group has-nv-site-bg-background-color has-background\" style=\"border-radius:24px\"><div class=\"wp-block-group__inner-container is-layout-flow wp-block-group-is-layout-flow\">\n<div style=\"height:24px\" aria-hidden=\"true\" class=\"wp-block-spacer\"><\/div>\n\n\n<div class=\"wp-block-image icon-style is-style-default\">\n<figure class=\"aligncenter size-full\"><img decoding=\"async\" src=\"https:\/\/ullanaitoherkku.fi\/wp-content\/themes\/neve\/assets\/img\/starter-content\/neve-marketing-icon-5.png\" alt=\"\"\/><\/figure>\n<\/div>\n\n\n<div style=\"height:24px\" aria-hidden=\"true\" class=\"wp-block-spacer\"><\/div>\n\n\n\n<h3 class=\"wp-block-heading has-text-align-center has-neve-text-color-color has-text-color\">L\u00e4het\u00e4 s\u00e4hk\u00f6postia<\/h3>\n\n\n\n<p class=\"has-text-align-center has-neve-text-color-color has-text-color\" style=\"font-size:15px\">info@ullanaitoherkku.fi<\/p>\n\n\n\n<div style=\"height:24px\" aria-hidden=\"true\" class=\"wp-block-spacer\"><\/div>\n<\/div><\/div>\n<\/div>\n\n\n\n<div class=\"wp-block-column ticss-a5b4df29 is-layout-flow wp-block-column-is-layout-flow\" style=\"padding-right:var(--wp--preset--spacing--30);padding-left:var(--wp--preset--spacing--30)\">\n<div class=\"wp-block-group has-nv-site-bg-background-color has-background\" style=\"border-radius:24px\"><div class=\"wp-block-group__inner-container is-layout-flow wp-block-group-is-layout-flow\">\n<div style=\"height:24px\" aria-hidden=\"true\" class=\"wp-block-spacer\"><\/div>\n\n\n<div class=\"wp-block-image icon-style is-style-default\">\n<figure class=\"aligncenter size-full\"><img decoding=\"async\" src=\"https:\/\/ullanaitoherkku.fi\/wp-content\/themes\/neve\/assets\/img\/starter-content\/neve-marketing-icon-6.png\" alt=\"\"\/><\/figure>\n<\/div>\n\n\n<div style=\"height:24px\" aria-hidden=\"true\" class=\"wp-block-spacer\"><\/div>\n\n\n\n<h3 class=\"wp-block-heading has-text-align-center has-neve-text-color-color has-text-color\">Osoitteemme<\/h3>\n\n\n\n<p class=\"has-text-align-center has-neve-text-color-color has-text-color\" style=\"font-size:15px\">Kyl\u00e4nsel\u00e4ntie 10<br>82500 Kitee<\/p>\n\n\n\n<div style=\"height:24px\" aria-hidden=\"true\" class=\"wp-block-spacer\"><\/div>\n<\/div><\/div>\n<\/div>\n<\/div>\n\n\n\n<div style=\"height:30px\" aria-hidden=\"true\" class=\"wp-block-spacer\"><\/div>\n<\/div><\/div>\n\n\n\n<p><\/p>\n","protected":false},"excerpt":{"rendered":"","protected":false},"author":1,"featured_media":0,"parent":0,"menu_order":0,"comment_status":"closed","ping_status":"closed","template":"","meta":{"neve_meta_sidebar":"","neve_meta_container":"","neve_meta_enable_content_width":"on","neve_meta_content_width":100,"neve_meta_title_alignment":"","neve_meta_author_avatar":"","neve_post_elements_order":"","neve_meta_disable_header":"","neve_meta_disable_footer":"","neve_meta_disable_title":"on","footnotes":""},"class_list":["post-10","page","type-page","status-publish","hentry"],"yoast_head":"<!-- This site is optimized with the Yoast SEO plugin v27.4 - https:\/\/yoast.com\/product\/yoast-seo-wordpress\/ -->\n<title>Ota yhteytt\u00e4 -<\/title>\n<meta name=\"robots\" content=\"index, follow, max-snippet:-1, max-image-preview:large, max-video-preview:-1\" \/>\n<link rel=\"canonical\" href=\"https:\/\/ullanaitoherkku.fi\/index.php\/contact\/\" \/>\n<meta property=\"og:locale\" content=\"fi_FI\" \/>\n<meta property=\"og:type\" content=\"article\" \/>\n<meta property=\"og:title\" content=\"Ota yhteytt\u00e4 -\" \/>\n<meta property=\"og:url\" content=\"https:\/\/ullanaitoherkku.fi\/index.php\/contact\/\" \/>\n<meta property=\"article:publisher\" content=\"https:\/\/www.facebook.com\/AitoHerkku?locale=fi_FI\" \/>\n<meta property=\"article:modified_time\" content=\"2026-02-15T14:38:20+00:00\" \/>\n<meta property=\"og:image\" content=\"https:\/\/ullanaitoherkku.fi\/wp-content\/uploads\/2026\/02\/422737-picture-841484_1280.jpg\" \/>\n\t<meta property=\"og:image:width\" content=\"1280\" \/>\n\t<meta property=\"og:image:height\" content=\"853\" \/>\n\t<meta property=\"og:image:type\" content=\"image\/jpeg\" \/>\n<meta name=\"twitter:card\" content=\"summary_large_image\" \/>\n<script type=\"application\/ld+json\" class=\"yoast-schema-graph\">{\"@context\":\"https:\\\/\\\/schema.org\",\"@graph\":[{\"@type\":\"WebPage\",\"@id\":\"https:\\\/\\\/ullanaitoherkku.fi\\\/index.php\\\/contact\\\/\",\"url\":\"https:\\\/\\\/ullanaitoherkku.fi\\\/index.php\\\/contact\\\/\",\"name\":\"Ota yhteytt\u00e4 -\",\"isPartOf\":{\"@id\":\"https:\\\/\\\/ullanaitoherkku.fi\\\/#website\"},\"primaryImageOfPage\":{\"@id\":\"https:\\\/\\\/ullanaitoherkku.fi\\\/index.php\\\/contact\\\/#primaryimage\"},\"image\":{\"@id\":\"https:\\\/\\\/ullanaitoherkku.fi\\\/index.php\\\/contact\\\/#primaryimage\"},\"thumbnailUrl\":\"https:\\\/\\\/ullanaitoherkku.fi\\\/wp-content\\\/uploads\\\/2026\\\/02\\\/422737-picture-841484_1280-1024x682.jpg\",\"datePublished\":\"2026-02-08T08:05:28+00:00\",\"dateModified\":\"2026-02-15T14:38:20+00:00\",\"breadcrumb\":{\"@id\":\"https:\\\/\\\/ullanaitoherkku.fi\\\/index.php\\\/contact\\\/#breadcrumb\"},\"inLanguage\":\"fi\",\"potentialAction\":[{\"@type\":\"ReadAction\",\"target\":[\"https:\\\/\\\/ullanaitoherkku.fi\\\/index.php\\\/contact\\\/\"]}]},{\"@type\":\"ImageObject\",\"inLanguage\":\"fi\",\"@id\":\"https:\\\/\\\/ullanaitoherkku.fi\\\/index.php\\\/contact\\\/#primaryimage\",\"url\":\"https:\\\/\\\/ullanaitoherkku.fi\\\/wp-content\\\/uploads\\\/2026\\\/02\\\/422737-picture-841484_1280.jpg\",\"contentUrl\":\"https:\\\/\\\/ullanaitoherkku.fi\\\/wp-content\\\/uploads\\\/2026\\\/02\\\/422737-picture-841484_1280.jpg\",\"width\":1280,\"height\":853},{\"@type\":\"BreadcrumbList\",\"@id\":\"https:\\\/\\\/ullanaitoherkku.fi\\\/index.php\\\/contact\\\/#breadcrumb\",\"itemListElement\":[{\"@type\":\"ListItem\",\"position\":1,\"name\":\"Etusivu\",\"item\":\"https:\\\/\\\/ullanaitoherkku.fi\\\/\"},{\"@type\":\"ListItem\",\"position\":2,\"name\":\"Ota yhteytt\u00e4\"}]},{\"@type\":\"WebSite\",\"@id\":\"https:\\\/\\\/ullanaitoherkku.fi\\\/#website\",\"url\":\"https:\\\/\\\/ullanaitoherkku.fi\\\/\",\"name\":\"Ullan aito & herkku\",\"description\":\"Luomua, tottakai\",\"publisher\":{\"@id\":\"https:\\\/\\\/ullanaitoherkku.fi\\\/#organization\"},\"potentialAction\":[{\"@type\":\"SearchAction\",\"target\":{\"@type\":\"EntryPoint\",\"urlTemplate\":\"https:\\\/\\\/ullanaitoherkku.fi\\\/?s={search_term_string}\"},\"query-input\":{\"@type\":\"PropertyValueSpecification\",\"valueRequired\":true,\"valueName\":\"search_term_string\"}}],\"inLanguage\":\"fi\"},{\"@type\":\"Organization\",\"@id\":\"https:\\\/\\\/ullanaitoherkku.fi\\\/#organization\",\"name\":\"Hassisen luomutila\",\"url\":\"https:\\\/\\\/ullanaitoherkku.fi\\\/\",\"logo\":{\"@type\":\"ImageObject\",\"inLanguage\":\"fi\",\"@id\":\"https:\\\/\\\/ullanaitoherkku.fi\\\/#\\\/schema\\\/logo\\\/image\\\/\",\"url\":\"https:\\\/\\\/ullanaitoherkku.fi\\\/wp-content\\\/uploads\\\/2026\\\/02\\\/cropped-logo.jpg\",\"contentUrl\":\"https:\\\/\\\/ullanaitoherkku.fi\\\/wp-content\\\/uploads\\\/2026\\\/02\\\/cropped-logo.jpg\",\"width\":200,\"height\":174,\"caption\":\"Hassisen luomutila\"},\"image\":{\"@id\":\"https:\\\/\\\/ullanaitoherkku.fi\\\/#\\\/schema\\\/logo\\\/image\\\/\"},\"sameAs\":[\"https:\\\/\\\/www.facebook.com\\\/AitoHerkku?locale=fi_FI\"]}]}<\/script>\n<!-- \/ Yoast SEO plugin. -->","yoast_head_json":{"title":"Ota yhteytt\u00e4 -","robots":{"index":"index","follow":"follow","max-snippet":"max-snippet:-1","max-image-preview":"max-image-preview:large","max-video-preview":"max-video-preview:-1"},"canonical":"https:\/\/ullanaitoherkku.fi\/index.php\/contact\/","og_locale":"fi_FI","og_type":"article","og_title":"Ota yhteytt\u00e4 -","og_url":"https:\/\/ullanaitoherkku.fi\/index.php\/contact\/","article_publisher":"https:\/\/www.facebook.com\/AitoHerkku?locale=fi_FI","article_modified_time":"2026-02-15T14:38:20+00:00","og_image":[{"width":1280,"height":853,"url":"https:\/\/ullanaitoherkku.fi\/wp-content\/uploads\/2026\/02\/422737-picture-841484_1280.jpg","type":"image\/jpeg"}],"twitter_card":"summary_large_image","schema":{"@context":"https:\/\/schema.org","@graph":[{"@type":"WebPage","@id":"https:\/\/ullanaitoherkku.fi\/index.php\/contact\/","url":"https:\/\/ullanaitoherkku.fi\/index.php\/contact\/","name":"Ota yhteytt\u00e4 -","isPartOf":{"@id":"https:\/\/ullanaitoherkku.fi\/#website"},"primaryImageOfPage":{"@id":"https:\/\/ullanaitoherkku.fi\/index.php\/contact\/#primaryimage"},"image":{"@id":"https:\/\/ullanaitoherkku.fi\/index.php\/contact\/#primaryimage"},"thumbnailUrl":"https:\/\/ullanaitoherkku.fi\/wp-content\/uploads\/2026\/02\/422737-picture-841484_1280-1024x682.jpg","datePublished":"2026-02-08T08:05:28+00:00","dateModified":"2026-02-15T14:38:20+00:00","breadcrumb":{"@id":"https:\/\/ullanaitoherkku.fi\/index.php\/contact\/#breadcrumb"},"inLanguage":"fi","potentialAction":[{"@type":"ReadAction","target":["https:\/\/ullanaitoherkku.fi\/index.php\/contact\/"]}]},{"@type":"ImageObject","inLanguage":"fi","@id":"https:\/\/ullanaitoherkku.fi\/index.php\/contact\/#primaryimage","url":"https:\/\/ullanaitoherkku.fi\/wp-content\/uploads\/2026\/02\/422737-picture-841484_1280.jpg","contentUrl":"https:\/\/ullanaitoherkku.fi\/wp-content\/uploads\/2026\/02\/422737-picture-841484_1280.jpg","width":1280,"height":853},{"@type":"BreadcrumbList","@id":"https:\/\/ullanaitoherkku.fi\/index.php\/contact\/#breadcrumb","itemListElement":[{"@type":"ListItem","position":1,"name":"Etusivu","item":"https:\/\/ullanaitoherkku.fi\/"},{"@type":"ListItem","position":2,"name":"Ota yhteytt\u00e4"}]},{"@type":"WebSite","@id":"https:\/\/ullanaitoherkku.fi\/#website","url":"https:\/\/ullanaitoherkku.fi\/","name":"Ullan aito & herkku","description":"Luomua, tottakai","publisher":{"@id":"https:\/\/ullanaitoherkku.fi\/#organization"},"potentialAction":[{"@type":"SearchAction","target":{"@type":"EntryPoint","urlTemplate":"https:\/\/ullanaitoherkku.fi\/?s={search_term_string}"},"query-input":{"@type":"PropertyValueSpecification","valueRequired":true,"valueName":"search_term_string"}}],"inLanguage":"fi"},{"@type":"Organization","@id":"https:\/\/ullanaitoherkku.fi\/#organization","name":"Hassisen luomutila","url":"https:\/\/ullanaitoherkku.fi\/","logo":{"@type":"ImageObject","inLanguage":"fi","@id":"https:\/\/ullanaitoherkku.fi\/#\/schema\/logo\/image\/","url":"https:\/\/ullanaitoherkku.fi\/wp-content\/uploads\/2026\/02\/cropped-logo.jpg","contentUrl":"https:\/\/ullanaitoherkku.fi\/wp-content\/uploads\/2026\/02\/cropped-logo.jpg","width":200,"height":174,"caption":"Hassisen luomutila"},"image":{"@id":"https:\/\/ullanaitoherkku.fi\/#\/schema\/logo\/image\/"},"sameAs":["https:\/\/www.facebook.com\/AitoHerkku?locale=fi_FI"]}]}},"_links":{"self":[{"href":"https:\/\/ullanaitoherkku.fi\/index.php\/wp-json\/wp\/v2\/pages\/10","targetHints":{"allow":["GET"]}}],"collection":[{"href":"https:\/\/ullanaitoherkku.fi\/index.php\/wp-json\/wp\/v2\/pages"}],"about":[{"href":"https:\/\/ullanaitoherkku.fi\/index.php\/wp-json\/wp\/v2\/types\/page"}],"author":[{"embeddable":true,"href":"https:\/\/ullanaitoherkku.fi\/index.php\/wp-json\/wp\/v2\/users\/1"}],"replies":[{"embeddable":true,"href":"https:\/\/ullanaitoherkku.fi\/index.php\/wp-json\/wp\/v2\/comments?post=10"}],"version-history":[{"count":5,"href":"https:\/\/ullanaitoherkku.fi\/index.php\/wp-json\/wp\/v2\/pages\/10\/revisions"}],"predecessor-version":[{"id":122,"href":"https:\/\/ullanaitoherkku.fi\/index.php\/wp-json\/wp\/v2\/pages\/10\/revisions\/122"}],"wp:attachment":[{"href":"https:\/\/ullanaitoherkku.fi\/index.php\/wp-json\/wp\/v2\/media?parent=10"}],"curies":[{"name":"wp","href":"https:\/\/api.w.org\/{rel}","templated":true}]}}